{"id":220,"date":"2018-04-26T11:52:25","date_gmt":"2018-04-26T14:52:25","guid":{"rendered":"http:\/\/automobileslyon.com.ar\/landingpage\/?page_id=220"},"modified":"2019-11-14T14:10:11","modified_gmt":"2019-11-14T17:10:11","slug":"autoahorro-mailing","status":"publish","type":"page","link":"http:\/\/automobileslyon.com.ar\/landingpage\/autoahorro-mailing\/","title":{"rendered":"Autoahorro mailing"},"content":{"rendered":"<\/div><\/div><\/div><!-- close content main div --><\/div><\/div><div id='full_slider_1' class='avia-fullwidth-slider main_color avia-shadow   container_wrap fullsize'   ><div  data-size='featured'  data-lightbox_size='large'  data-animation='slide'  data-ids='958'  data-video_counter='0'  data-autoplay='false'  data-bg_slider='false'  data-slide_height=''  data-handle='av_slideshow_full'  data-interval='5'  data-class=' image_no_stretch'  data-css_id=''  data-scroll_down=''  data-control_layout='av-control-default'  data-custom_markup=''  data-perma_caption='aviaTBperma_caption'  data-autoplay_stopper=''  data-image_attachment=''  data-min_height='0px'  data-src=''  data-position='top left'  data-repeat='no-repeat'  data-attach='scroll'  data-stretch='image_no_stretch'  data-default-height='28.666666666667'  class='avia-slideshow avia-slideshow-1  av-control-default av-default-height-applied avia-slideshow-featured av_slideshow_full  image_no_stretch avia-slide-slider '  itemscope=\"itemscope\" itemtype=\"https:\/\/schema.org\/ImageObject\" ><ul class='avia-slideshow-inner' style='padding-bottom: 28.666666666667%;'><li  class=' av-single-slide slide-1 ' ><div data-rel='slideshow-1' class='avia-slide-wrap'  ><img src='http:\/\/automobileslyon.com.ar\/landingpage\/wp-content\/uploads\/2019\/11\/11-19_Lyon_plandeahorro-01-1500x430.png' width='1500' height='430' title='11-19_Lyon_plandeahorro-01' alt=''  itemprop=\"thumbnailUrl\"   \/><\/div><\/li><\/ul><\/div><\/div>\n<\/div><\/div><\/div><!-- close content main div --><\/div><\/div><div id='contacto' class='avia-section main_color avia-section-no-padding avia-shadow avia-bg-style-scroll   container_wrap fullsize' style = 'background-color: #ffffff; '  ><div class='container' ><div class='template-page content  av-content-full alpha units'><div class='post-entry post-entry-type-page post-entry-220'><div class='entry-content-wrapper clearfix'>\n<section class=\"av_textblock_section\"  itemscope=\"itemscope\" itemtype=\"https:\/\/schema.org\/CreativeWork\" ><div class='avia_textblock '  style='font-size:24px; '  itemprop=\"text\" ><p><strong>Dej\u00e1 tu consulta y un Asesor Citro\u00ebn se contactar\u00e1 a la brevedad:<\/strong><\/p>\n<\/div><\/section>\n<section class=\"av_textblock_section\"  itemscope=\"itemscope\" itemtype=\"https:\/\/schema.org\/CreativeWork\" ><div class='avia_textblock '   itemprop=\"text\" >\n<div class=\"wpcf7 no-js\" id=\"wpcf7-f213-o1\" lang=\"es-AR\" dir=\"ltr\" data-wpcf7-id=\"213\">\n<div class=\"screen-reader-response\"><p role=\"status\" aria-live=\"polite\" aria-atomic=\"true\"><\/p> <ul><\/ul><\/div>\n<form action=\"\/landingpage\/wp-json\/wp\/v2\/pages\/220#wpcf7-f213-o1\" method=\"post\" class=\"wpcf7-form init\" aria-label=\"Formulario de contacto\" novalidate=\"novalidate\" data-status=\"init\">\n<fieldset class=\"hidden-fields-container\"><input type=\"hidden\" name=\"_wpcf7\" value=\"213\" \/><input type=\"hidden\" name=\"_wpcf7_version\" value=\"6.1.5\" \/><input type=\"hidden\" name=\"_wpcf7_locale\" value=\"es_AR\" \/><input type=\"hidden\" name=\"_wpcf7_unit_tag\" value=\"wpcf7-f213-o1\" \/><input type=\"hidden\" name=\"_wpcf7_container_post\" value=\"0\" \/><input type=\"hidden\" name=\"_wpcf7_posted_data_hash\" value=\"\" \/>\n<\/fieldset>\n<div class=\"content-column one_third\">\n\t<div style=\"padding:\"0px;\">\n\t\t<p><label><span class=\"wpcf7-form-control-wrap\" data-name=\"modelo\"><select class=\"wpcf7-form-control wpcf7-select\" aria-invalid=\"false\" name=\"modelo\"><option value=\"Seleccion\u00e1 tu modelo\">Seleccion\u00e1 tu modelo<\/option><option value=\"C3\">C3<\/option><option value=\"C4 Cactus\">C4 Cactus<\/option><option value=\"C Elysee\">C Elysee<\/option><option value=\"Berlingo Multispace\">Berlingo Multispace<\/option><\/select><\/span><\/label><label><span class=\"wpcf7-form-control-wrap\" data-name=\"nombre\"><input size=\"40\" maxlength=\"400\" class=\"wpcf7-form-control wpcf7-text wpcf7-validates-as-required\" aria-required=\"true\" aria-invalid=\"false\" placeholder=\"Nombre\" value=\"\" type=\"text\" name=\"nombre\" \/><\/span> <\/label><label><span class=\"wpcf7-form-control-wrap\" data-name=\"apellido\"><input size=\"40\" maxlength=\"400\" class=\"wpcf7-form-control wpcf7-text wpcf7-validates-as-required\" aria-required=\"true\" aria-invalid=\"false\" placeholder=\"Apellido\" value=\"\" type=\"text\" name=\"apellido\" \/><\/span> <\/label>\n\t\t<\/p>\n\t<\/div>\n<\/div>\n<div class=\"content-column one_third\">\n\t<div style=\"padding:\"0px;\">\n\t\t<p><label><span class=\"wpcf7-form-control-wrap\" data-name=\"telefono\"><input size=\"40\" maxlength=\"400\" class=\"wpcf7-form-control wpcf7-text wpcf7-validates-as-required\" aria-required=\"true\" aria-invalid=\"false\" placeholder=\"Celular\" value=\"\" type=\"text\" name=\"telefono\" \/><\/span><\/label><label><span class=\"wpcf7-form-control-wrap\" data-name=\"email\"><input size=\"40\" maxlength=\"400\" class=\"wpcf7-form-control wpcf7-email wpcf7-validates-as-required wpcf7-text wpcf7-validates-as-email\" aria-required=\"true\" aria-invalid=\"false\" placeholder=\"Email\" value=\"\" type=\"email\" name=\"email\" \/><\/span><\/label><label><span class=\"wpcf7-form-control-wrap\" data-name=\"sucursal\"><select class=\"wpcf7-form-control wpcf7-select wpcf7-validates-as-required\" aria-required=\"true\" aria-invalid=\"false\" name=\"sucursal\"><option value=\"Seleccion\u00e1 la sucursal\">Seleccion\u00e1 la sucursal<\/option><option value=\"Ciudadela\">Ciudadela<\/option><option value=\"Ramos Mej\u00eda\">Ramos Mej\u00eda<\/option><option value=\"San Justo\">San Justo<\/option><option value=\"Castelar\">Castelar<\/option><\/select><\/span><\/label>\n\t\t<\/p>\n\t<\/div>\n<\/div>\n<div class=\"content-column one_third last_column\">\n\t<div style=\"padding:\"0px;\">\n\t\t<p><label><span class=\"wpcf7-form-control-wrap\" data-name=\"consulta\"><textarea cols=\"40\" rows=\"10\" maxlength=\"2000\" class=\"wpcf7-form-control wpcf7-textarea\" aria-invalid=\"false\" placeholder=\"Su consulta\" name=\"consulta\"><\/textarea><\/span><\/label>\n\t\t<\/p>\n\t\t<p><input class=\"wpcf7-form-control wpcf7-submit has-spinner\" type=\"submit\" value=\"ENVIAR CONSULTA AL ASESOR\" \/>\n\t\t<\/p>\n\t<\/div>\n\t<div class=\"clear_column\">\n\t<\/div>\n<\/div><div class=\"wpcf7-response-output\" aria-hidden=\"true\"><\/div>\n<\/form>\n<\/div>\n\n<\/div><\/section>\n\n<\/div><\/div><\/div><!-- close content main div --><\/div><\/div><div id='av_section_2' class='avia-section main_color avia-section-default avia-no-shadow avia-bg-style-scroll   container_wrap fullsize' style = 'background-color: #efefef; '  ><div class='container' ><div class='template-page content  av-content-full alpha units'><div class='post-entry post-entry-type-page post-entry-220'><div class='entry-content-wrapper clearfix'>\n<div class=\"flex_column av_one_half  flex_column_div av-zero-column-padding first  \" style='border-radius:0px; '><section class=\"av_textblock_section\"  itemscope=\"itemscope\" itemtype=\"https:\/\/schema.org\/CreativeWork\" ><div class='avia_textblock '  style='font-size:20px; '  itemprop=\"text\" ><p>Encontr\u00e1 el plan de financiaci\u00f3n que mejor se adapte a tus necesidades,\u00a0contacta a un asesor.<\/p>\n<\/div><\/section><\/div><div class=\"flex_column av_one_half  flex_column_div av-zero-column-padding   \" style='border-radius:0px; '><section class=\"av_textblock_section\"  itemscope=\"itemscope\" itemtype=\"https:\/\/schema.org\/CreativeWork\" ><div class='avia_textblock '  style='font-size:16px; '  itemprop=\"text\" ><p>Podes acceder a tu pr\u00f3ximo Citro\u00ebn 0km mediante la financiaci\u00f3n directa de f\u00e1brica en cuotas en pesos y sin inter\u00e9s.<\/p>\n<p>No necesitas ni anticipos ni requisitos de ingreso y podes optar por cualquier modelo de la marca. Consultanos ahora y empez\u00e1 a hacer planes con tu pr\u00f3ximo 0km.<\/p>\n<\/div><\/section><\/div>\n\n<div class=\"flex_column av_one_fourth  flex_column_div av-zero-column-padding first   \" style='border-width:1px; border-color:#c4c4c4; border-style:solid; background-color:#ffffff; border-radius:20px; '><p><div class='avia-image-container  av-styling- av-hover-grow noHover  av-overlay-on-hover   avia-align-center '  itemscope=\"itemscope\" itemtype=\"https:\/\/schema.org\/ImageObject\"  ><div class='avia-image-container-inner'><a href='http:\/\/automobileslyon.com.ar\/landingpage\/c3-autoahorro-mailing\/' class='avia_image'  ><div class='av-image-caption-overlay'><div class='av-caption-image-overlay-bg' style='opacity:0.7; background-color:#cc2943; '><\/div><div class='av-image-caption-overlay-position'><div class='av-image-caption-overlay-center' style='color:#ffffff; font-size:14px; '><p>VER M\u00c1S<\/p>\n<\/div><\/div><\/div><img class='avia_image ' src='http:\/\/automobileslyon.com.ar\/landingpage\/wp-content\/uploads\/2018\/04\/c3.jpg' alt='' title='c3'  itemprop=\"thumbnailUrl\"  \/><\/a><\/div><\/div><br \/>\n<section class=\"av_textblock_section\"  itemscope=\"itemscope\" itemtype=\"https:\/\/schema.org\/CreativeWork\" ><div class='avia_textblock '   itemprop=\"text\" ><h4 class=\"result-item-title\" style=\"text-align: center;\"><\/h4>\n<div class=\"result-item-cont\">\n<div class=\"result-item-block col2\">\n<div class=\"result-item-pricing\" style=\"text-align: center;\">\n<h2><\/h2>\n<h4 class=\"result-item-title\" style=\"text-align: center;\"><strong>C3<\/strong><\/h4>\n<div class=\"result-item-cont\">\n<div class=\"result-item-block col2\">\n<div class=\"result-item-pricing\" style=\"text-align: center;\"><\/div>\n<div class=\"result-item-action-buttons\" style=\"text-align: center;\"><\/div>\n<\/div>\n<\/div>\n<\/div>\n<\/div>\n<\/div>\n<\/div><\/section><br \/>\n<div style='height:20px' class='hr hr-invisible  '><span class='hr-inner ' ><span class='hr-inner-style'><\/span><\/span><\/div><br \/>\n<div class='avia-button-wrap avia-button-center  '><a href='http:\/\/automobileslyon.com.ar\/landingpage\/c3-autoahorro-mailing\/' class='avia-button  avia-icon_select-yes-left-icon avia-color-theme-color avia-size-large avia-position-center '   ><span class='avia_button_icon avia_button_icon_left ' aria-hidden='true' data-av_icon='\ue816' data-av_iconfont='entypo-fontello'><\/span><span class='avia_iconbox_title' >Ver m\u00e1s<\/span><\/a><\/div><br \/>\n<div style='height:5px' class='hr hr-invisible  '><span class='hr-inner ' ><span class='hr-inner-style'><\/span><\/span><\/div><\/p><\/div>\n<div class=\"flex_column av_one_fourth  flex_column_div av-zero-column-padding    \" style='border-width:1px; border-color:#c4c4c4; border-style:solid; background-color:#ffffff; border-radius:20px; '><p><div class='avia-image-container  av-styling- av-hover-grow noHover  av-overlay-on-hover   avia-align-center '  itemscope=\"itemscope\" itemtype=\"https:\/\/schema.org\/ImageObject\"  ><div class='avia-image-container-inner'><a href='http:\/\/automobileslyon.com.ar\/landingpage\/c-elysee-autoahorro-mailing\/' class='avia_image'  ><div class='av-image-caption-overlay'><div class='av-caption-image-overlay-bg' style='opacity:0.7; background-color:#cc2943; '><\/div><div class='av-image-caption-overlay-position'><div class='av-image-caption-overlay-center' style='color:#ffffff; font-size:14px; '><p>VER M\u00c1S<\/p>\n<\/div><\/div><\/div><img class='avia_image ' src='http:\/\/automobileslyon.com.ar\/landingpage\/wp-content\/uploads\/2018\/04\/c-elysee-rojo.jpg' alt='' title='c-elysee-rojo'  itemprop=\"thumbnailUrl\"  \/><\/a><\/div><\/div><br \/>\n<section class=\"av_textblock_section\"  itemscope=\"itemscope\" itemtype=\"https:\/\/schema.org\/CreativeWork\" ><div class='avia_textblock '   itemprop=\"text\" ><h4 class=\"result-item-title\" style=\"text-align: center;\"><\/h4>\n<div class=\"result-item-cont\">\n<div class=\"result-item-block col2\">\n<div class=\"result-item-pricing\" style=\"text-align: center;\">\n<h2><\/h2>\n<h4 class=\"result-item-title\" style=\"text-align: center;\"><strong>C Elysee<\/strong><\/h4>\n<div class=\"result-item-cont\">\n<div class=\"result-item-block col2\">\n<div class=\"result-item-pricing\" style=\"text-align: center;\"><\/div>\n<div class=\"result-item-action-buttons\" style=\"text-align: center;\"><\/div>\n<\/div>\n<\/div>\n<\/div>\n<\/div>\n<\/div>\n<\/div><\/section><br \/>\n<div style='height:20px' class='hr hr-invisible  '><span class='hr-inner ' ><span class='hr-inner-style'><\/span><\/span><\/div><br \/>\n<div class='avia-button-wrap avia-button-center  '><a href='http:\/\/automobileslyon.com.ar\/landingpage\/c-elysee-autoahorro-mailing\/' class='avia-button  avia-icon_select-yes-left-icon avia-color-theme-color avia-size-large avia-position-center '   ><span class='avia_button_icon avia_button_icon_left ' aria-hidden='true' data-av_icon='\ue816' data-av_iconfont='entypo-fontello'><\/span><span class='avia_iconbox_title' >Ver m\u00e1s<\/span><\/a><\/div><br \/>\n<div style='height:5px' class='hr hr-invisible  '><span class='hr-inner ' ><span class='hr-inner-style'><\/span><\/span><\/div><\/p><\/div>\n<div class=\"flex_column av_one_fourth  flex_column_div av-zero-column-padding    \" style='border-width:1px; border-color:#c4c4c4; border-style:solid; background-color:#ffffff; border-radius:20px; '><p><div class='avia-image-container  av-styling- av-hover-grow noHover  av-overlay-on-hover   avia-align-center '  itemscope=\"itemscope\" itemtype=\"https:\/\/schema.org\/ImageObject\"  ><div class='avia-image-container-inner'><a href='http:\/\/automobileslyon.com.ar\/landingpage\/berlingo-multispace-autoahorro-mailing\/' class='avia_image'  ><div class='av-image-caption-overlay'><div class='av-caption-image-overlay-bg' style='opacity:0.7; background-color:#cc2943; '><\/div><div class='av-image-caption-overlay-position'><div class='av-image-caption-overlay-center' style='color:#ffffff; font-size:14px; '><p>VER M\u00c1S<\/p>\n<\/div><\/div><\/div><img class='avia_image ' src='http:\/\/automobileslyon.com.ar\/landingpage\/wp-content\/uploads\/2018\/04\/berlingo-multispace.jpg' alt='' title='berlingo-multispace'  itemprop=\"thumbnailUrl\"  \/><\/a><\/div><\/div><br \/>\n<section class=\"av_textblock_section\"  itemscope=\"itemscope\" itemtype=\"https:\/\/schema.org\/CreativeWork\" ><div class='avia_textblock '   itemprop=\"text\" ><h4 class=\"result-item-title\" style=\"text-align: center;\"><\/h4>\n<div class=\"result-item-cont\">\n<div class=\"result-item-block col2\">\n<div class=\"result-item-pricing\" style=\"text-align: center;\">\n<h2><\/h2>\n<h4 class=\"result-item-title\" style=\"text-align: center;\"><strong>Berlingo Multispace<\/strong><\/h4>\n<div class=\"result-item-cont\">\n<div class=\"result-item-block col2\">\n<div class=\"result-item-pricing\" style=\"text-align: center;\"><\/div>\n<div class=\"result-item-action-buttons\" style=\"text-align: center;\"><\/div>\n<\/div>\n<\/div>\n<\/div>\n<\/div>\n<\/div>\n<\/div><\/section><br \/>\n<div style='height:20px' class='hr hr-invisible  '><span class='hr-inner ' ><span class='hr-inner-style'><\/span><\/span><\/div><br \/>\n<div class='avia-button-wrap avia-button-center  '><a href='http:\/\/automobileslyon.com.ar\/landingpage\/berlingo-multispace-autoahorro-mailing\/' class='avia-button  avia-icon_select-yes-left-icon avia-color-theme-color avia-size-large avia-position-center '   ><span class='avia_button_icon avia_button_icon_left ' aria-hidden='true' data-av_icon='\ue816' data-av_iconfont='entypo-fontello'><\/span><span class='avia_iconbox_title' >Ver m\u00e1s<\/span><\/a><\/div><br \/>\n<div style='height:5px' class='hr hr-invisible  '><span class='hr-inner ' ><span class='hr-inner-style'><\/span><\/span><\/div><\/p><\/div>\n<div class=\"flex_column av_one_fourth  flex_column_div av-zero-column-padding    \" style='border-width:1px; border-color:#c4c4c4; border-style:solid; background-color:#ffffff; border-radius:20px; '><p><div class='avia-image-container  av-styling- av-hover-grow noHover  av-overlay-on-hover   avia-align-center '  itemscope=\"itemscope\" itemtype=\"https:\/\/schema.org\/ImageObject\"  ><div class='avia-image-container-inner'><a href='http:\/\/automobileslyon.com.ar\/landingpage\/c4-cactus-autoahorro-mailing\/' class='avia_image'  ><div class='av-image-caption-overlay'><div class='av-caption-image-overlay-bg' style='opacity:0.7; background-color:#cc2943; '><\/div><div class='av-image-caption-overlay-position'><div class='av-image-caption-overlay-center' style='color:#ffffff; font-size:14px; '><p>VER M\u00c1S<\/p>\n<\/div><\/div><\/div><img class='avia_image ' src='http:\/\/automobileslyon.com.ar\/landingpage\/wp-content\/uploads\/2019\/10\/cactus-300x174.png' alt='' title='cactus'  itemprop=\"thumbnailUrl\"  \/><\/a><\/div><\/div><br \/>\n<section class=\"av_textblock_section\"  itemscope=\"itemscope\" itemtype=\"https:\/\/schema.org\/CreativeWork\" ><div class='avia_textblock '   itemprop=\"text\" ><h4 class=\"result-item-title\" style=\"text-align: center;\"><\/h4>\n<div class=\"result-item-cont\">\n<div class=\"result-item-block col2\">\n<div class=\"result-item-pricing\" style=\"text-align: center;\">\n<h2><\/h2>\n<h4 class=\"result-item-title\" style=\"text-align: center;\"><strong>C4 Cactus<\/strong><\/h4>\n<div class=\"result-item-cont\">\n<div class=\"result-item-block col2\">\n<div class=\"result-item-pricing\" style=\"text-align: center;\"><\/div>\n<div class=\"result-item-action-buttons\" style=\"text-align: center;\"><\/div>\n<\/div>\n<\/div>\n<\/div>\n<\/div>\n<\/div>\n<\/div><\/section><br \/>\n<div style='height:20px' class='hr hr-invisible  '><span class='hr-inner ' ><span class='hr-inner-style'><\/span><\/span><\/div><br \/>\n<div class='avia-button-wrap avia-button-center  '><a href='http:\/\/automobileslyon.com.ar\/landingpage\/c4-cactus-autoahorro-mailing\/' class='avia-button  avia-icon_select-yes-left-icon avia-color-theme-color avia-size-large avia-position-center '   ><span class='avia_button_icon avia_button_icon_left ' aria-hidden='true' data-av_icon='\ue816' data-av_iconfont='entypo-fontello'><\/span><span class='avia_iconbox_title' >Ver m\u00e1s<\/span><\/a><\/div><br \/>\n<div style='height:5px' class='hr hr-invisible  '><span class='hr-inner ' ><span class='hr-inner-style'><\/span><\/span><\/div><\/p><\/div>\n","protected":false},"excerpt":{"rendered":"","protected":false},"author":1,"featured_media":0,"parent":0,"menu_order":0,"comment_status":"closed","ping_status":"closed","template":"","meta":{"footnotes":""},"class_list":["post-220","page","type-page","status-publish","hentry"],"_links":{"self":[{"href":"http:\/\/automobileslyon.com.ar\/landingpage\/wp-json\/wp\/v2\/pages\/220","targetHints":{"allow":["GET"]}}],"collection":[{"href":"http:\/\/automobileslyon.com.ar\/landingpage\/wp-json\/wp\/v2\/pages"}],"about":[{"href":"http:\/\/automobileslyon.com.ar\/landingpage\/wp-json\/wp\/v2\/types\/page"}],"author":[{"embeddable":true,"href":"http:\/\/automobileslyon.com.ar\/landingpage\/wp-json\/wp\/v2\/users\/1"}],"replies":[{"embeddable":true,"href":"http:\/\/automobileslyon.com.ar\/landingpage\/wp-json\/wp\/v2\/comments?post=220"}],"version-history":[{"count":10,"href":"http:\/\/automobileslyon.com.ar\/landingpage\/wp-json\/wp\/v2\/pages\/220\/revisions"}],"predecessor-version":[{"id":959,"href":"http:\/\/automobileslyon.com.ar\/landingpage\/wp-json\/wp\/v2\/pages\/220\/revisions\/959"}],"wp:attachment":[{"href":"http:\/\/automobileslyon.com.ar\/landingpage\/wp-json\/wp\/v2\/media?parent=220"}],"curies":[{"name":"wp","href":"https:\/\/api.w.org\/{rel}","templated":true}]}}