{"id":225,"date":"2018-04-26T11:55:12","date_gmt":"2018-04-26T14:55:12","guid":{"rendered":"http:\/\/automobileslyon.com.ar\/landingpage\/?page_id=225"},"modified":"2018-06-11T09:55:23","modified_gmt":"2018-06-11T12:55:23","slug":"c4-lounge-autoahorro-mailing","status":"publish","type":"page","link":"http:\/\/automobileslyon.com.ar\/landingpage\/c4-lounge-autoahorro-mailing\/","title":{"rendered":"C4 Lounge autoahorro mailing"},"content":{"rendered":"<\/div><\/div><\/div><!-- close content main div --><\/div><\/div><div id='full_slider_1' class='avia-fullwidth-slider main_color avia-shadow   container_wrap fullsize'   ><div  data-size='featured'  data-lightbox_size='large'  data-animation='slide'  data-ids='336'  data-video_counter='0'  data-autoplay='false'  data-bg_slider='false'  data-slide_height=''  data-handle='av_slideshow_full'  data-interval='5'  data-class=' image_no_stretch'  data-css_id=''  data-scroll_down=''  data-control_layout='av-control-default'  data-custom_markup=''  data-perma_caption='aviaTBperma_caption'  data-autoplay_stopper=''  data-image_attachment=''  data-min_height='0px'  data-src=''  data-position='top left'  data-repeat='no-repeat'  data-attach='scroll'  data-stretch='image_no_stretch'  data-default-height='28.666666666667'  class='avia-slideshow avia-slideshow-1  av-control-default av-default-height-applied avia-slideshow-featured av_slideshow_full  image_no_stretch avia-slide-slider '  itemscope=\"itemscope\" itemtype=\"https:\/\/schema.org\/ImageObject\" ><ul class='avia-slideshow-inner' style='padding-bottom: 28.666666666667%;'><li  class=' av-single-slide slide-1 ' ><div data-rel='slideshow-1' class='avia-slide-wrap'  ><img src='http:\/\/automobileslyon.com.ar\/landingpage\/wp-content\/uploads\/2018\/04\/banner_c4_planes-01-1500x430.jpg' width='1500' height='430' title='banner_c4_planes-01' alt=''  itemprop=\"thumbnailUrl\"   \/><\/div><\/li><\/ul><\/div><\/div>\n<\/div><\/div><\/div><!-- close content main div --><\/div><\/div><div id='contacto' class='avia-section main_color avia-section-no-padding avia-shadow avia-bg-style-scroll   container_wrap fullsize' style = 'background-color: #ffffff; '  ><div class='container' ><div class='template-page content  av-content-full alpha units'><div class='post-entry post-entry-type-page post-entry-225'><div class='entry-content-wrapper clearfix'>\n<section class=\"av_textblock_section\"  itemscope=\"itemscope\" itemtype=\"https:\/\/schema.org\/CreativeWork\" ><div class='avia_textblock '  style='font-size:24px; '  itemprop=\"text\" ><p><strong>Dej\u00e1 tu consulta y un Asesor Citro\u00ebn se contactar\u00e1 a la brevedad:<\/strong><\/p>\n<\/div><\/section>\n<section class=\"av_textblock_section\"  itemscope=\"itemscope\" itemtype=\"https:\/\/schema.org\/CreativeWork\" ><div class='avia_textblock '   itemprop=\"text\" >\n<div class=\"wpcf7 no-js\" id=\"wpcf7-f116-o1\" lang=\"es-AR\" dir=\"ltr\" data-wpcf7-id=\"116\">\n<div class=\"screen-reader-response\"><p role=\"status\" aria-live=\"polite\" aria-atomic=\"true\"><\/p> <ul><\/ul><\/div>\n<form action=\"\/landingpage\/wp-json\/wp\/v2\/pages\/225#wpcf7-f116-o1\" method=\"post\" class=\"wpcf7-form init\" aria-label=\"Formulario de contacto\" novalidate=\"novalidate\" data-status=\"init\">\n<fieldset class=\"hidden-fields-container\"><input type=\"hidden\" name=\"_wpcf7\" value=\"116\" \/><input type=\"hidden\" name=\"_wpcf7_version\" value=\"6.1.5\" \/><input type=\"hidden\" name=\"_wpcf7_locale\" value=\"es_AR\" \/><input type=\"hidden\" name=\"_wpcf7_unit_tag\" value=\"wpcf7-f116-o1\" \/><input type=\"hidden\" name=\"_wpcf7_container_post\" value=\"0\" \/><input type=\"hidden\" name=\"_wpcf7_posted_data_hash\" value=\"\" \/>\n<\/fieldset>\n<div class=\"content-column one_third\">\n\t<div style=\"padding:\"0px;\">\n\t\t<p><label><span class=\"wpcf7-form-control-wrap\" data-name=\"modelo\"><select class=\"wpcf7-form-control wpcf7-select\" aria-invalid=\"false\" name=\"modelo\"><option value=\"Seleccion\u00e1 tu modelo\">Seleccion\u00e1 tu modelo<\/option><option value=\"C3\">C3<\/option><option value=\"C4 Cactus\">C4 Cactus<\/option><option value=\"C Elysee\">C Elysee<\/option><option value=\"Berlingo Multispace\">Berlingo Multispace<\/option><\/select><\/span><\/label><label><span class=\"wpcf7-form-control-wrap\" data-name=\"nombre\"><input size=\"40\" maxlength=\"400\" class=\"wpcf7-form-control wpcf7-text wpcf7-validates-as-required\" aria-required=\"true\" aria-invalid=\"false\" placeholder=\"Nombre\" value=\"\" type=\"text\" name=\"nombre\" \/><\/span> <\/label><label><span class=\"wpcf7-form-control-wrap\" data-name=\"apellido\"><input size=\"40\" maxlength=\"400\" class=\"wpcf7-form-control wpcf7-text wpcf7-validates-as-required\" aria-required=\"true\" aria-invalid=\"false\" placeholder=\"Apellido\" value=\"\" type=\"text\" name=\"apellido\" \/><\/span> <\/label>\n\t\t<\/p>\n\t<\/div>\n<\/div>\n<div class=\"content-column one_third\">\n\t<div style=\"padding:\"0px;\">\n\t\t<p><label><span class=\"wpcf7-form-control-wrap\" data-name=\"telefono\"><input size=\"40\" maxlength=\"400\" class=\"wpcf7-form-control wpcf7-text wpcf7-validates-as-required\" aria-required=\"true\" aria-invalid=\"false\" placeholder=\"Celular\" value=\"\" type=\"text\" name=\"telefono\" \/><\/span><\/label><label><span class=\"wpcf7-form-control-wrap\" data-name=\"email\"><input size=\"40\" maxlength=\"400\" class=\"wpcf7-form-control wpcf7-email wpcf7-validates-as-required wpcf7-text wpcf7-validates-as-email\" aria-required=\"true\" aria-invalid=\"false\" placeholder=\"Email\" value=\"\" type=\"email\" name=\"email\" \/><\/span><\/label><label><span class=\"wpcf7-form-control-wrap\" data-name=\"sucursal\"><select class=\"wpcf7-form-control wpcf7-select wpcf7-validates-as-required\" aria-required=\"true\" aria-invalid=\"false\" name=\"sucursal\"><option value=\"Seleccion\u00e1 la sucursal\">Seleccion\u00e1 la sucursal<\/option><option value=\"Ciudadela\">Ciudadela<\/option><option value=\"Ramos Mej\u00eda\">Ramos Mej\u00eda<\/option><option value=\"San Justo\">San Justo<\/option><option value=\"Castelar\">Castelar<\/option><\/select><\/span><\/label>\n\t\t<\/p>\n\t<\/div>\n<\/div>\n<div class=\"content-column one_third last_column\">\n\t<div style=\"padding:\"0px;\">\n\t\t<p><label><span class=\"wpcf7-form-control-wrap\" data-name=\"consulta\"><textarea cols=\"40\" rows=\"10\" maxlength=\"2000\" class=\"wpcf7-form-control wpcf7-textarea\" aria-invalid=\"false\" placeholder=\"Su consulta\" name=\"consulta\"><\/textarea><\/span><\/label>\n\t\t<\/p>\n\t\t<p><input class=\"wpcf7-form-control wpcf7-submit has-spinner\" type=\"submit\" value=\"ENVIAR CONSULTA AL ASESOR\" \/>\n\t\t<\/p>\n\t<\/div>\n\t<div class=\"clear_column\">\n\t<\/div>\n<\/div><div class=\"wpcf7-response-output\" aria-hidden=\"true\"><\/div>\n<\/form>\n<\/div>\n\n<\/div><\/section>\n\n<\/div><\/div><\/div><!-- close content main div --><\/div><\/div><div id='av_section_2' class='avia-section main_color avia-section-default avia-no-shadow avia-bg-style-scroll   container_wrap fullsize' style = 'background-color: #efefef; '  ><div class='container' ><div class='template-page content  av-content-full alpha units'><div class='post-entry post-entry-type-page post-entry-225'><div class='entry-content-wrapper clearfix'>\n<div class=\"flex_column av_one_full  flex_column_div av-zero-column-padding first  \" style='border-radius:0px; '><section class=\"av_textblock_section\"  itemscope=\"itemscope\" itemtype=\"https:\/\/schema.org\/CreativeWork\" ><div class='avia_textblock '  style='font-size:28px; '  itemprop=\"text\" ><h4 style=\"text-align: left;\">Disponemos de amplio stock de colores. Entrega pactada por contrato. Saldo en cuotas y mejor toma de tu usado.<\/h4>\n<\/div><\/section><\/div>\n\n<div  class='hr hr-default '><span class='hr-inner ' ><span class='hr-inner-style'><\/span><\/span><\/div>\n<div class=\"flex_column av_one_half  flex_column_div av-zero-column-padding first  \" style='border-radius:0px; '><section class=\"av_textblock_section\"  itemscope=\"itemscope\" itemtype=\"https:\/\/schema.org\/CreativeWork\" ><div class='avia_textblock '   itemprop=\"text\" ><p>Nuevo C4 Lounge<\/p>\n<p><img loading=\"lazy\" decoding=\"async\" class=\"alignnone wp-image-647\" src=\"http:\/\/automobileslyon.com.ar\/landingpage\/wp-content\/uploads\/2018\/06\/nuevo-c4-lounge-300x160.png\" alt=\"\" width=\"594\" height=\"317\" srcset=\"http:\/\/automobileslyon.com.ar\/landingpage\/wp-content\/uploads\/2018\/06\/nuevo-c4-lounge-300x160.png 300w, http:\/\/automobileslyon.com.ar\/landingpage\/wp-content\/uploads\/2018\/06\/nuevo-c4-lounge-768x408.png 768w, http:\/\/automobileslyon.com.ar\/landingpage\/wp-content\/uploads\/2018\/06\/nuevo-c4-lounge-1030x548.png 1030w, http:\/\/automobileslyon.com.ar\/landingpage\/wp-content\/uploads\/2018\/06\/nuevo-c4-lounge-1500x798.png 1500w, http:\/\/automobileslyon.com.ar\/landingpage\/wp-content\/uploads\/2018\/06\/nuevo-c4-lounge-705x375.png 705w, http:\/\/automobileslyon.com.ar\/landingpage\/wp-content\/uploads\/2018\/06\/nuevo-c4-lounge-450x239.png 450w\" sizes=\"auto, (max-width: 594px) 100vw, 594px\" \/><\/p>\n<\/div><\/section><\/div><div class=\"flex_column av_one_half  flex_column_div av-zero-column-padding   \" style='border-radius:0px; '><section class=\"av_textblock_section\"  itemscope=\"itemscope\" itemtype=\"https:\/\/schema.org\/CreativeWork\" ><div class='avia_textblock '   itemprop=\"text\" ><p>Para realzar, a\u00fan m\u00e1s, su estilo y elegancia el Nuevo CITRO\u00cbN C4 LOUNGE incorpora el nuevo color Rojo Salta. La gama sigue contando con los colores: Gris Moondust, Gris Aluminio, Blanco Nacarado, Blanco Blanquise y Rojo Rub\u00ed.<\/p>\n<\/div><\/section><\/div><\/p>\n<div class=\"tabcontainer  top_tab   \">\n\n<section class=\"av_tab_section\"  itemscope=\"itemscope\" itemtype=\"https:\/\/schema.org\/CreativeWork\" >    <div data-fake-id=\"#tab-id-1\" class=\"tab active_tab\"  itemprop=\"headline\" >Interior<\/div>\n    <div id=\"tab-id-1-container\" class=\"tab_content active_tab_content\">\n        <div class=\"tab_inner_content invers-color\"  itemprop=\"text\" >\n<p>Cada detalle fue pensado para impresionarlo. El habit\u00e1culo est\u00e1 confeccionado con materiales de la mejor categor\u00eda, tales como el revestimiento slush (material blando) del tablero y los detalles de cromo diseminados en los comandos del volante, los aireadores y la palanca de velocidades. Adem\u00e1s, la incorporaci\u00f3n de un nuevo tablero de instrumentos 100% digital e intuitivo aporta mayor confort a la hora de obtener informaci\u00f3n, contribuyendo a un viaje m\u00e1s placentero.<\/p>\n\n        <\/div>\n    <\/div>\n<\/section>\n\n<section class=\"av_tab_section\"  itemscope=\"itemscope\" itemtype=\"https:\/\/schema.org\/CreativeWork\" >    <div data-fake-id=\"#tab-id-2\" class=\"tab \"  itemprop=\"headline\" >Habitabilidad<\/div>\n    <div id=\"tab-id-2-container\" class=\"tab_content \">\n        <div class=\"tab_inner_content invers-color\"  itemprop=\"text\" >\n<p>El Nuevo CITRO\u00cbN C4 LOUNGE ha sido dise\u00f1ado para que todos a bordo disfruten plenamente del viaje. Gracias a su distancia entre ejes, la habitabilidad a nivel del espacio para las piernas, asociada a los asientos traseros con respaldos inclinados a 29\u00ba, ofrece un verdadero espacio Lounge.<\/p>\n\n        <\/div>\n    <\/div>\n<\/section>\n\n<section class=\"av_tab_section\"  itemscope=\"itemscope\" itemtype=\"https:\/\/schema.org\/CreativeWork\" >    <div data-fake-id=\"#tab-id-3\" class=\"tab \"  itemprop=\"headline\" >Acceso y Arranque<\/div>\n    <div id=\"tab-id-3-container\" class=\"tab_content \">\n        <div class=\"tab_inner_content invers-color\"  itemprop=\"text\" >\n<p>El exclusivo sistema &#8220;acceso y arranque manos libres&#8221; ADML percibe la presencia del conductor y autom\u00e1ticamente se activa la apertura de puertas mediante un simple toque de las manijas delanteras y, si se desea, el cierre de los cristales. Una vez en el puesto de conducci\u00f3n s\u00f3lo bastar\u00e1 dejarse llevar por la sensualidad de pulsar el bot\u00f3n \u201cStart\u201d y permitir que se expresen los sentido<\/p>\n\n        <\/div>\n    <\/div>\n<\/section>\n\n<section class=\"av_tab_section\"  itemscope=\"itemscope\" itemtype=\"https:\/\/schema.org\/CreativeWork\" >    <div data-fake-id=\"#tab-id-4\" class=\"tab \"  itemprop=\"headline\" >Tecnolog\u00eda Inteligente<\/div>\n    <div id=\"tab-id-4-container\" class=\"tab_content \">\n        <div class=\"tab_inner_content invers-color\"  itemprop=\"text\" >\n<h5>NUEVO SISTEMA MULTIMEDIA DE 7&#8243;<\/h5>\n<p>Todas las funciones del Nuevo CITRO\u00cbN C4 LOUNGE se agrupan en una sola pantalla t\u00e1ctil de 7&#8243;. Entre las tecnolog\u00edas que destacan: nuevo sistema de navegaci\u00f3n TOMTOM, Apple CarPLay &amp; Android Auto, el climatizador autom\u00e1tico Bi-zona, radio AM\/FM con USB y funci\u00f3n para el tel\u00e9fono gracias a la tecnolog\u00eda Bluetooth.<\/p>\n<h5>C\u00c1MARA DE RETROCESO<\/h5>\n<p>Las maniobras de estacionamiento se realizan con total seguridad gracias a la c\u00e1mara de visi\u00f3n trasera cuya imagen se muestra en la pantalla t\u00e1ctil de 7\u201d.<\/p>\n\n        <\/div>\n    <\/div>\n<\/section>\n\n<section class=\"av_tab_section\"  itemscope=\"itemscope\" itemtype=\"https:\/\/schema.org\/CreativeWork\" >    <div data-fake-id=\"#tab-id-5\" class=\"tab \"  itemprop=\"headline\" >Motorizaciones<\/div>\n    <div id=\"tab-id-5-container\" class=\"tab_content \">\n        <div class=\"tab_inner_content invers-color\"  itemprop=\"text\" >\n<h5 class=\"parttitle\">ESTILO Y CONFORT DE MARCHA<\/h5>\n<div class=\"zonetexte\">El Nuevo CITRO\u00cbN C4 LOUNGE presenta los siguientes eficientes motores:<br \/>\n\u2022 Se incorpora por primera vez a la familia C4 LOUNGE la motorizaci\u00f3n 1.6 VTi 115 CV con caja manual de 5 velocidades naftero: solo disponible en la versi\u00f3n Live, el equilibrio perfecto entre eficiencia y tecnolog\u00eda.<br \/>\n\u2022 1.6 THP 165 CV con caja manual de 6 velocidades o autom\u00e1tica de 6 velocidades: es un motor naftero de \u00faltima generaci\u00f3n (con turbo, inyecci\u00f3n directa, intercooler). La versi\u00f3n autom\u00e1tica viene con modo Sport y la funci\u00f3n ECO para reducir el consumo.<br \/>\n\u2022 1.6 HDi 115 CV con caja manual de 6 velocidades: es el motor di\u00e9sel estrella, eficiente y con la mejor autonom\u00eda.Para optimizar el consumo de combustible, todas las versiones presentan la funci\u00f3n\u00a0<strong>Eco-Coaching<\/strong>, que permite visualizar en todo momento el nivel de eficiencia con el que estamos manejando.<\/div>\n\n        <\/div>\n    <\/div>\n<\/section>\n\n<\/div>\n\n<div class='avia-gallery avia-gallery-1 avia_lazyload avia_animate_when_visible  '  itemscope=\"itemscope\" itemtype=\"https:\/\/schema.org\/ImageObject\" ><div class='avia-gallery-thumb'> <a href='http:\/\/automobileslyon.com.ar\/landingpage\/wp-content\/uploads\/2018\/04\/275283.png' data-rel='gallery-1' data-prev-img='http:\/\/automobileslyon.com.ar\/landingpage\/wp-content\/uploads\/2018\/04\/275283-483x400.png' class='first_thumb lightbox ' data-onclick='1' title=''  itemprop=\"thumbnailUrl\" ><img  src='http:\/\/automobileslyon.com.ar\/landingpage\/wp-content\/uploads\/2018\/04\/275283-260x185.png' width='260' height='185'  title='275283' alt='' \/><\/a> <a href='http:\/\/automobileslyon.com.ar\/landingpage\/wp-content\/uploads\/2018\/04\/275285.png' data-rel='gallery-1' data-prev-img='http:\/\/automobileslyon.com.ar\/landingpage\/wp-content\/uploads\/2018\/04\/275285-483x400.png' class='lightbox ' data-onclick='2' title=''  itemprop=\"thumbnailUrl\" ><img  src='http:\/\/automobileslyon.com.ar\/landingpage\/wp-content\/uploads\/2018\/04\/275285-260x185.png' width='260' height='185'  title='275285' alt='' \/><\/a> <a href='http:\/\/automobileslyon.com.ar\/landingpage\/wp-content\/uploads\/2018\/04\/275280.jpg' data-rel='gallery-1' data-prev-img='http:\/\/automobileslyon.com.ar\/landingpage\/wp-content\/uploads\/2018\/04\/275280-495x400.jpg' class='lightbox ' data-onclick='3' title=''  itemprop=\"thumbnailUrl\" ><img  src='http:\/\/automobileslyon.com.ar\/landingpage\/wp-content\/uploads\/2018\/04\/275280-260x185.jpg' width='260' height='185'  title='275280' alt='' \/><\/a> <a href='http:\/\/automobileslyon.com.ar\/landingpage\/wp-content\/uploads\/2018\/04\/275282.jpg' data-rel='gallery-1' data-prev-img='http:\/\/automobileslyon.com.ar\/landingpage\/wp-content\/uploads\/2018\/04\/275282-495x400.jpg' class='lightbox ' data-onclick='4' title=''  itemprop=\"thumbnailUrl\" ><img  src='http:\/\/automobileslyon.com.ar\/landingpage\/wp-content\/uploads\/2018\/04\/275282-260x185.jpg' width='260' height='185'  title='275282' alt='' \/><\/a> <a href='http:\/\/automobileslyon.com.ar\/landingpage\/wp-content\/uploads\/2018\/04\/275281.jpg' data-rel='gallery-1' data-prev-img='http:\/\/automobileslyon.com.ar\/landingpage\/wp-content\/uploads\/2018\/04\/275281-495x400.jpg' class='lightbox ' data-onclick='5' title=''  itemprop=\"thumbnailUrl\" ><img  src='http:\/\/automobileslyon.com.ar\/landingpage\/wp-content\/uploads\/2018\/04\/275281-260x185.jpg' width='260' height='185'  title='275281' alt='' \/><\/a> <a href='http:\/\/automobileslyon.com.ar\/landingpage\/wp-content\/uploads\/2018\/04\/275288.png' data-rel='gallery-1' data-prev-img='http:\/\/automobileslyon.com.ar\/landingpage\/wp-content\/uploads\/2018\/04\/275288-483x400.png' class='first_thumb lightbox ' data-onclick='6' title=''  itemprop=\"thumbnailUrl\" ><img  src='http:\/\/automobileslyon.com.ar\/landingpage\/wp-content\/uploads\/2018\/04\/275288-260x185.png' width='260' height='185'  title='275288' alt='' \/><\/a> <a href='http:\/\/automobileslyon.com.ar\/landingpage\/wp-content\/uploads\/2018\/04\/275289.png' data-rel='gallery-1' data-prev-img='http:\/\/automobileslyon.com.ar\/landingpage\/wp-content\/uploads\/2018\/04\/275289-483x400.png' class='lightbox ' data-onclick='7' title=''  itemprop=\"thumbnailUrl\" ><img  src='http:\/\/automobileslyon.com.ar\/landingpage\/wp-content\/uploads\/2018\/04\/275289-260x185.png' width='260' height='185'  title='275289' alt='' \/><\/a> <a href='http:\/\/automobileslyon.com.ar\/landingpage\/wp-content\/uploads\/2018\/04\/275284.png' data-rel='gallery-1' data-prev-img='http:\/\/automobileslyon.com.ar\/landingpage\/wp-content\/uploads\/2018\/04\/275284-483x400.png' class='lightbox ' data-onclick='8' title=''  itemprop=\"thumbnailUrl\" ><img  src='http:\/\/automobileslyon.com.ar\/landingpage\/wp-content\/uploads\/2018\/04\/275284-260x185.png' width='260' height='185'  title='275284' alt='' \/><\/a><\/div><\/div>\n","protected":false},"excerpt":{"rendered":"","protected":false},"author":1,"featured_media":0,"parent":0,"menu_order":0,"comment_status":"closed","ping_status":"closed","template":"","meta":{"footnotes":""},"class_list":["post-225","page","type-page","status-publish","hentry"],"_links":{"self":[{"href":"http:\/\/automobileslyon.com.ar\/landingpage\/wp-json\/wp\/v2\/pages\/225","targetHints":{"allow":["GET"]}}],"collection":[{"href":"http:\/\/automobileslyon.com.ar\/landingpage\/wp-json\/wp\/v2\/pages"}],"about":[{"href":"http:\/\/automobileslyon.com.ar\/landingpage\/wp-json\/wp\/v2\/types\/page"}],"author":[{"embeddable":true,"href":"http:\/\/automobileslyon.com.ar\/landingpage\/wp-json\/wp\/v2\/users\/1"}],"replies":[{"embeddable":true,"href":"http:\/\/automobileslyon.com.ar\/landingpage\/wp-json\/wp\/v2\/comments?post=225"}],"version-history":[{"count":5,"href":"http:\/\/automobileslyon.com.ar\/landingpage\/wp-json\/wp\/v2\/pages\/225\/revisions"}],"predecessor-version":[{"id":650,"href":"http:\/\/automobileslyon.com.ar\/landingpage\/wp-json\/wp\/v2\/pages\/225\/revisions\/650"}],"wp:attachment":[{"href":"http:\/\/automobileslyon.com.ar\/landingpage\/wp-json\/wp\/v2\/media?parent=225"}],"curies":[{"name":"wp","href":"https:\/\/api.w.org\/{rel}","templated":true}]}}