{"id":43,"date":"2018-04-19T11:41:18","date_gmt":"2018-04-19T14:41:18","guid":{"rendered":"http:\/\/automobileslyon.com.ar\/landingpage\/?page_id=43"},"modified":"2018-11-21T16:44:12","modified_gmt":"2018-11-21T19:44:12","slug":"c3-convencional","status":"publish","type":"page","link":"http:\/\/automobileslyon.com.ar\/landingpage\/c3-convencional\/","title":{"rendered":"C3 convencional"},"content":{"rendered":"<\/div><\/div><\/div><!-- close content main div --><\/div><\/div><div id='full_slider_1' class='avia-fullwidth-slider main_color avia-shadow   container_wrap fullsize'   ><div  data-size='featured'  data-lightbox_size='large'  data-animation='slide'  data-ids='708'  data-video_counter='0'  data-autoplay='false'  data-bg_slider='false'  data-slide_height=''  data-handle='av_slideshow_full'  data-interval='5'  data-class=' image_no_stretch'  data-css_id=''  data-scroll_down=''  data-control_layout='av-control-default'  data-custom_markup=''  data-perma_caption='aviaTBperma_caption'  data-autoplay_stopper=''  data-image_attachment=''  data-min_height='0px'  data-src=''  data-position='top left'  data-repeat='no-repeat'  data-attach='scroll'  data-stretch='image_no_stretch'  data-default-height='28.666666666667'  class='avia-slideshow avia-slideshow-1  av-control-default av-default-height-applied avia-slideshow-featured av_slideshow_full  image_no_stretch avia-slide-slider '  itemscope=\"itemscope\" itemtype=\"https:\/\/schema.org\/ImageObject\" ><ul class='avia-slideshow-inner' style='padding-bottom: 28.666666666667%;'><li  class=' av-single-slide slide-1 ' ><div data-rel='slideshow-1' class='avia-slide-wrap'  ><img src='http:\/\/automobileslyon.com.ar\/landingpage\/wp-content\/uploads\/2018\/08\/07_18_Lyon_LandingNueva_banners_convencional-04-1500x430.jpg' width='1500' height='430' title='07_18_Lyon_LandingNueva_banners_convencional-04' alt=''  itemprop=\"thumbnailUrl\"   \/><\/div><\/li><\/ul><\/div><\/div>\n<\/div><\/div><\/div><!-- close content main div --><\/div><\/div><div id='contacto' class='avia-section main_color avia-section-no-padding avia-shadow avia-bg-style-scroll   container_wrap fullsize' style = 'background-color: #ffffff; '  ><div class='container' ><div class='template-page content  av-content-full alpha units'><div class='post-entry post-entry-type-page post-entry-43'><div class='entry-content-wrapper clearfix'>\n<section class=\"av_textblock_section\"  itemscope=\"itemscope\" itemtype=\"https:\/\/schema.org\/CreativeWork\" ><div class='avia_textblock '  style='font-size:24px; '  itemprop=\"text\" ><p><strong>Dej\u00e1 tu consulta y un Asesor Citro\u00ebn se contactar\u00e1 a la brevedad:<\/strong><\/p>\n<\/div><\/section>\n<section class=\"av_textblock_section\"  itemscope=\"itemscope\" itemtype=\"https:\/\/schema.org\/CreativeWork\" ><div class='avia_textblock '   itemprop=\"text\" >\n<div class=\"wpcf7 no-js\" id=\"wpcf7-f21-o1\" lang=\"es-AR\" dir=\"ltr\" data-wpcf7-id=\"21\">\n<div class=\"screen-reader-response\"><p role=\"status\" aria-live=\"polite\" aria-atomic=\"true\"><\/p> <ul><\/ul><\/div>\n<form action=\"\/landingpage\/wp-json\/wp\/v2\/pages\/43#wpcf7-f21-o1\" method=\"post\" class=\"wpcf7-form init\" aria-label=\"Formulario de contacto\" novalidate=\"novalidate\" data-status=\"init\">\n<fieldset class=\"hidden-fields-container\"><input type=\"hidden\" name=\"_wpcf7\" value=\"21\" \/><input type=\"hidden\" name=\"_wpcf7_version\" value=\"6.1.5\" \/><input type=\"hidden\" name=\"_wpcf7_locale\" value=\"es_AR\" \/><input type=\"hidden\" name=\"_wpcf7_unit_tag\" value=\"wpcf7-f21-o1\" \/><input type=\"hidden\" name=\"_wpcf7_container_post\" value=\"0\" \/><input type=\"hidden\" name=\"_wpcf7_posted_data_hash\" value=\"\" \/>\n<\/fieldset>\n<div class=\"content-column one_third\">\n\t<div style=\"padding:\"0px;\">\n\t\t<p><label><span class=\"wpcf7-form-control-wrap\" data-name=\"modelo\"><select class=\"wpcf7-form-control wpcf7-select\" aria-invalid=\"false\" name=\"modelo\"><option value=\"Seleccion\u00e1 tu modelo\">Seleccion\u00e1 tu modelo<\/option><option value=\"C3\">C3<\/option><option value=\"C4 Lounge\">C4 Lounge<\/option><option value=\"Cactus\">Cactus<\/option><option value=\"C Elysee\">C Elysee<\/option><option value=\"C3 Aircross\">C3 Aircross<\/option><option value=\"Jumpy\">Jumpy<\/option><option value=\"Berlingo Multispace\">Berlingo Multispace<\/option><option value=\"Berlingo Furg\u00f3n\">Berlingo Furg\u00f3n<\/option><option value=\"DS3\">DS3<\/option><option value=\"C4 Picasso\">C4 Picasso<\/option><option value=\"C4 Grand Picasso\">C4 Grand Picasso<\/option><option value=\"Jumper\">Jumper<\/option><\/select><\/span><\/label><label><span class=\"wpcf7-form-control-wrap\" data-name=\"nombre\"><input size=\"40\" maxlength=\"400\" class=\"wpcf7-form-control wpcf7-text wpcf7-validates-as-required\" aria-required=\"true\" aria-invalid=\"false\" placeholder=\"Nombre\" value=\"\" type=\"text\" name=\"nombre\" \/><\/span> <\/label><label><span class=\"wpcf7-form-control-wrap\" data-name=\"apellido\"><input size=\"40\" maxlength=\"400\" class=\"wpcf7-form-control wpcf7-text wpcf7-validates-as-required\" aria-required=\"true\" aria-invalid=\"false\" placeholder=\"Apellido\" value=\"\" type=\"text\" name=\"apellido\" \/><\/span> <\/label>\n\t\t<\/p>\n\t<\/div>\n<\/div>\n<div class=\"content-column one_third\">\n\t<div style=\"padding:\"0px;\">\n\t\t<p><label><span class=\"wpcf7-form-control-wrap\" data-name=\"telefono\"><input size=\"40\" maxlength=\"400\" class=\"wpcf7-form-control wpcf7-text wpcf7-validates-as-required\" aria-required=\"true\" aria-invalid=\"false\" placeholder=\"Celular\" value=\"\" type=\"text\" name=\"telefono\" \/><\/span><\/label><label><span class=\"wpcf7-form-control-wrap\" data-name=\"email\"><input size=\"40\" maxlength=\"400\" class=\"wpcf7-form-control wpcf7-email wpcf7-validates-as-required wpcf7-text wpcf7-validates-as-email\" aria-required=\"true\" aria-invalid=\"false\" placeholder=\"Email\" value=\"\" type=\"email\" name=\"email\" \/><\/span><\/label><label><span class=\"wpcf7-form-control-wrap\" data-name=\"sucursal\"><select class=\"wpcf7-form-control wpcf7-select wpcf7-validates-as-required\" aria-required=\"true\" aria-invalid=\"false\" name=\"sucursal\"><option value=\"Seleccion\u00e1 la sucursal\">Seleccion\u00e1 la sucursal<\/option><option value=\"Ciudadela\">Ciudadela<\/option><option value=\"Ramos Mej\u00eda\">Ramos Mej\u00eda<\/option><option value=\"San Justo\">San Justo<\/option><option value=\"Castelar\">Castelar<\/option><\/select><\/span><\/label>\n\t\t<\/p>\n\t<\/div>\n<\/div>\n<div class=\"content-column one_third last_column\">\n\t<div style=\"padding:\"0px;\">\n\t\t<p><label><span class=\"wpcf7-form-control-wrap\" data-name=\"consulta\"><textarea cols=\"40\" rows=\"10\" maxlength=\"2000\" class=\"wpcf7-form-control wpcf7-textarea\" aria-invalid=\"false\" placeholder=\"Su consulta\" name=\"consulta\"><\/textarea><\/span><\/label>\n\t\t<\/p>\n\t\t<p><input class=\"wpcf7-form-control wpcf7-submit has-spinner\" type=\"submit\" value=\"ENVIAR CONSULTA AL ASESOR\" \/>\n\t\t<\/p>\n\t<\/div>\n\t<div class=\"clear_column\">\n\t<\/div>\n<\/div><div class=\"wpcf7-response-output\" aria-hidden=\"true\"><\/div>\n<\/form>\n<\/div>\n\n<\/div><\/section>\n\n<\/div><\/div><\/div><!-- close content main div --><\/div><\/div><div id='av_section_2' class='avia-section main_color avia-section-default avia-no-shadow avia-bg-style-scroll   container_wrap fullsize' style = 'background-color: #efefef; '  ><div class='container' ><div class='template-page content  av-content-full alpha units'><div class='post-entry post-entry-type-page post-entry-43'><div class='entry-content-wrapper clearfix'>\n<div class=\"flex_column av_one_full  flex_column_div av-zero-column-padding first  \" style='border-radius:0px; '><section class=\"av_textblock_section\"  itemscope=\"itemscope\" itemtype=\"https:\/\/schema.org\/CreativeWork\" ><div class='avia_textblock '  style='font-size:28px; '  itemprop=\"text\" ><h4 style=\"text-align: center;\">Disponemos de amplio stock de colores y versiones con entrega imediata. Mejor toma de tu usado y financiaci\u00f3n preferencial.<\/h4>\n<\/div><\/section><\/div>\n\n<div class=\"flex_column av_one_full  flex_column_div av-zero-column-padding first  \" style='border-radius:0px; '><section class=\"av_textblock_section\"  itemscope=\"itemscope\" itemtype=\"https:\/\/schema.org\/CreativeWork\" ><div class='avia_textblock '   itemprop=\"text\" ><h3 class=\"parttitle\">M\u00e1s C3 para ver<\/h3>\n<div class=\"mgchapo\">\n<p>Con estilo propio, el CITRO\u00cbN C3 posee una fuerte personalidad. Su silueta innovadora y una arquitectura inteligente dan como resultado un auto din\u00e1mico y robusto. Pr\u00e1ctico y vers\u00e1til por sus dimensiones, pero de gran habitabilidad y confort para sus ocupantes, el bienestar abordo se complementa por su gran superficie acristalada que incrementa a\u00fan m\u00e1s la sensaci\u00f3n de espacio y libertad total.<\/p>\n<\/div>\n<\/div><\/section><\/div>\n<div style='height:20px' class='hr hr-invisible  '><span class='hr-inner ' ><span class='hr-inner-style'><\/span><\/span><\/div>\n<div class=\"flex_column av_one_full  flex_column_div av-zero-column-padding first  \" style='border-radius:0px; '><section class=\"av_textblock_section\"  itemscope=\"itemscope\" itemtype=\"https:\/\/schema.org\/CreativeWork\" ><div class='avia_textblock '   itemprop=\"text\" ><h4>Disfrutalo en todas sus versiones y colores<\/h4>\n<\/div><\/section><\/div>\n<div style='height:50px' class='hr hr-invisible  '><span class='hr-inner ' ><span class='hr-inner-style'><\/span><\/span><\/div>\n<div class=\"flex_column av_one_half  flex_column_div av-zero-column-padding first  \" style='border-radius:0px; '><section class=\"av_textblock_section\"  itemscope=\"itemscope\" itemtype=\"https:\/\/schema.org\/CreativeWork\" ><div class='avia_textblock  av_inherit_color'  style='color:#943c3e; '  itemprop=\"text\" ><h4 class=\"parttitle coltitle\">Shine<\/h4>\n<\/div><\/section><br \/>\n<div class='avia-image-container  av-styling-    avia-align-center '  itemscope=\"itemscope\" itemtype=\"https:\/\/schema.org\/ImageObject\"  ><div class='avia-image-container-inner'><img class='avia_image ' src='http:\/\/automobileslyon.com.ar\/landingpage\/wp-content\/uploads\/2018\/04\/SHINE-1.png' alt='' title='SHINE'   itemprop=\"thumbnailUrl\"  \/><\/div><\/div><\/p><\/div>\n<div class=\"flex_column av_one_half  flex_column_div av-zero-column-padding   \" style='border-radius:0px; '><section class=\"av_textblock_section\"  itemscope=\"itemscope\" itemtype=\"https:\/\/schema.org\/CreativeWork\" ><div class='avia_textblock  av_inherit_color'  style='color:#943c3e; '  itemprop=\"text\" ><h4 class=\"parttitle coltitle\">Live<\/h4>\n<\/div><\/section><br \/>\n<div class='avia-image-container  av-styling-    avia-align-center '  itemscope=\"itemscope\" itemtype=\"https:\/\/schema.org\/ImageObject\"  ><div class='avia-image-container-inner'><img class='avia_image ' src='http:\/\/automobileslyon.com.ar\/landingpage\/wp-content\/uploads\/2018\/04\/LIVE-1.png' alt='' title='LIVE'   itemprop=\"thumbnailUrl\"  \/><\/div><\/div><\/p><\/div>\n<div class=\"flex_column av_one_half  flex_column_div av-zero-column-padding first  \" style='border-radius:0px; '><section class=\"av_textblock_section\"  itemscope=\"itemscope\" itemtype=\"https:\/\/schema.org\/CreativeWork\" ><div class='avia_textblock  av_inherit_color'  style='color:#943c3e; '  itemprop=\"text\" ><h4 class=\"parttitle coltitle\">Feel<\/h4>\n<\/div><\/section><br \/>\n<div class='avia-image-container  av-styling-    avia-align-center '  itemscope=\"itemscope\" itemtype=\"https:\/\/schema.org\/ImageObject\"  ><div class='avia-image-container-inner'><img class='avia_image ' src='http:\/\/automobileslyon.com.ar\/landingpage\/wp-content\/uploads\/2018\/04\/FEEL.png' alt='' title='FEEL'   itemprop=\"thumbnailUrl\"  \/><\/div><\/div><\/p><\/div>\n<div class=\"flex_column av_one_half  flex_column_div av-zero-column-padding   \" style='border-radius:0px; '><section class=\"av_textblock_section\"  itemscope=\"itemscope\" itemtype=\"https:\/\/schema.org\/CreativeWork\" ><div class='avia_textblock  av_inherit_color'  style='color:#943c3e; '  itemprop=\"text\" ><h4 class=\"parttitle coltitle\">Infinit<\/h4>\n<\/div><\/section><br \/>\n<div class='avia-image-container  av-styling-    avia-align-center '  itemscope=\"itemscope\" itemtype=\"https:\/\/schema.org\/ImageObject\"  ><div class='avia-image-container-inner'><img class='avia_image ' src='http:\/\/automobileslyon.com.ar\/landingpage\/wp-content\/uploads\/2018\/04\/INFINIT.png' alt='' title='INFINIT'   itemprop=\"thumbnailUrl\"  \/><\/div><\/div><\/p><\/div>\n<div style='height:50px' class='hr hr-invisible  '><span class='hr-inner ' ><span class='hr-inner-style'><\/span><\/span><\/div>\n<div class='avia-gallery avia-gallery-1 avia_lazyload avia_animate_when_visible  '  itemscope=\"itemscope\" itemtype=\"https:\/\/schema.org\/ImageObject\" ><div class='avia-gallery-thumb'> <a href='http:\/\/automobileslyon.com.ar\/landingpage\/wp-content\/uploads\/2018\/04\/747x322-citroen-c3-bienestar-a-bordo.13107.74.jpg' data-rel='gallery-1' data-prev-img='http:\/\/automobileslyon.com.ar\/landingpage\/wp-content\/uploads\/2018\/04\/747x322-citroen-c3-bienestar-a-bordo.13107.74.jpg' class='first_thumb lightbox ' data-onclick='1' title=''  itemprop=\"thumbnailUrl\" ><img  src='http:\/\/automobileslyon.com.ar\/landingpage\/wp-content\/uploads\/2018\/04\/747x322-citroen-c3-bienestar-a-bordo.13107.74-260x176.jpg' width='260' height='176'  title='747x322-citroen-c3-bienestar-a-bordo.13107.74' alt='' \/><\/a> <a href='http:\/\/automobileslyon.com.ar\/landingpage\/wp-content\/uploads\/2018\/04\/747x322-citroen-c3-el-puesto-de-manejo.13105.74.jpg' data-rel='gallery-1' data-prev-img='http:\/\/automobileslyon.com.ar\/landingpage\/wp-content\/uploads\/2018\/04\/747x322-citroen-c3-el-puesto-de-manejo.13105.74.jpg' class='lightbox ' data-onclick='2' title=''  itemprop=\"thumbnailUrl\" ><img  src='http:\/\/automobileslyon.com.ar\/landingpage\/wp-content\/uploads\/2018\/04\/747x322-citroen-c3-el-puesto-de-manejo.13105.74-260x176.jpg' width='260' height='176'  title='747x322-citroen-c3-el-puesto-de-manejo.13105.74' alt='' \/><\/a> <a href='http:\/\/automobileslyon.com.ar\/landingpage\/wp-content\/uploads\/2018\/04\/747x322-citroen-c3-gran-capacidad-1.30387.74.jpg' data-rel='gallery-1' data-prev-img='http:\/\/automobileslyon.com.ar\/landingpage\/wp-content\/uploads\/2018\/04\/747x322-citroen-c3-gran-capacidad-1.30387.74.jpg' class='lightbox ' data-onclick='3' title=''  itemprop=\"thumbnailUrl\" ><img  src='http:\/\/automobileslyon.com.ar\/landingpage\/wp-content\/uploads\/2018\/04\/747x322-citroen-c3-gran-capacidad-1.30387.74-260x176.jpg' width='260' height='176'  title='747x322-citroen-c3-gran-capacidad-1.30387.74' alt='' \/><\/a> <a href='http:\/\/automobileslyon.com.ar\/landingpage\/wp-content\/uploads\/2018\/04\/747x322-citroen-c3-proteccion-solar.13095.74.jpg' data-rel='gallery-1' data-prev-img='http:\/\/automobileslyon.com.ar\/landingpage\/wp-content\/uploads\/2018\/04\/747x322-citroen-c3-proteccion-solar.13095.74.jpg' class='lightbox ' data-onclick='4' title=''  itemprop=\"thumbnailUrl\" ><img  src='http:\/\/automobileslyon.com.ar\/landingpage\/wp-content\/uploads\/2018\/04\/747x322-citroen-c3-proteccion-solar.13095.74-260x176.jpg' width='260' height='176'  title='747x322-citroen-c3-proteccion-solar.13095.74' alt='' \/><\/a> <a href='http:\/\/automobileslyon.com.ar\/landingpage\/wp-content\/uploads\/2018\/04\/224750.72.jpg' data-rel='gallery-1' data-prev-img='http:\/\/automobileslyon.com.ar\/landingpage\/wp-content\/uploads\/2018\/04\/224750.72-495x259.jpg' class='lightbox ' data-onclick='5' title=''  itemprop=\"thumbnailUrl\" ><img  src='http:\/\/automobileslyon.com.ar\/landingpage\/wp-content\/uploads\/2018\/04\/224750.72-260x185.jpg' width='260' height='185'  title='224750.72' alt='' \/><\/a> <a href='http:\/\/automobileslyon.com.ar\/landingpage\/wp-content\/uploads\/2018\/04\/228704.70.jpg' data-rel='gallery-1' data-prev-img='http:\/\/automobileslyon.com.ar\/landingpage\/wp-content\/uploads\/2018\/04\/228704.70-495x400.jpg' class='first_thumb lightbox ' data-onclick='6' title=''  itemprop=\"thumbnailUrl\" ><img  src='http:\/\/automobileslyon.com.ar\/landingpage\/wp-content\/uploads\/2018\/04\/228704.70-260x185.jpg' width='260' height='185'  title='228704.70' alt='' \/><\/a> <a href='http:\/\/automobileslyon.com.ar\/landingpage\/wp-content\/uploads\/2018\/04\/228709.72.jpg' data-rel='gallery-1' data-prev-img='http:\/\/automobileslyon.com.ar\/landingpage\/wp-content\/uploads\/2018\/04\/228709.72-495x260.jpg' class='lightbox ' data-onclick='7' title=''  itemprop=\"thumbnailUrl\" ><img  src='http:\/\/automobileslyon.com.ar\/landingpage\/wp-content\/uploads\/2018\/04\/228709.72-260x185.jpg' width='260' height='185'  title='228709.72' alt='' \/><\/a> <a href='http:\/\/automobileslyon.com.ar\/landingpage\/wp-content\/uploads\/2018\/04\/228711.72.jpg' data-rel='gallery-1' data-prev-img='http:\/\/automobileslyon.com.ar\/landingpage\/wp-content\/uploads\/2018\/04\/228711.72-495x260.jpg' class='lightbox ' data-onclick='8' title=''  itemprop=\"thumbnailUrl\" ><img  src='http:\/\/automobileslyon.com.ar\/landingpage\/wp-content\/uploads\/2018\/04\/228711.72-260x185.jpg' width='260' height='185'  title='228711.72' alt='' \/><\/a> <a href='http:\/\/automobileslyon.com.ar\/landingpage\/wp-content\/uploads\/2018\/04\/267929.70-1030x495.jpg' data-rel='gallery-1' data-prev-img='http:\/\/automobileslyon.com.ar\/landingpage\/wp-content\/uploads\/2018\/04\/267929.70-495x400.jpg' class='lightbox ' data-onclick='9' title=''  itemprop=\"thumbnailUrl\" ><img  src='http:\/\/automobileslyon.com.ar\/landingpage\/wp-content\/uploads\/2018\/04\/267929.70-260x185.jpg' width='260' height='185'  title='267929.70' alt='' \/><\/a> <a href='http:\/\/automobileslyon.com.ar\/landingpage\/wp-content\/uploads\/2018\/04\/c3-pantalla-mirror-screen.234176.72.jpg' data-rel='gallery-1' data-prev-img='http:\/\/automobileslyon.com.ar\/landingpage\/wp-content\/uploads\/2018\/04\/c3-pantalla-mirror-screen.234176.72-495x260.jpg' class='lightbox ' data-onclick='10' title=''  itemprop=\"thumbnailUrl\" ><img  src='http:\/\/automobileslyon.com.ar\/landingpage\/wp-content\/uploads\/2018\/04\/c3-pantalla-mirror-screen.234176.72-260x185.jpg' width='260' height='185'  title='c3-pantalla-mirror-screen.234176.72' alt='' \/><\/a><\/div><\/div>\n","protected":false},"excerpt":{"rendered":"","protected":false},"author":1,"featured_media":0,"parent":0,"menu_order":0,"comment_status":"closed","ping_status":"closed","template":"","meta":{"footnotes":""},"class_list":["post-43","page","type-page","status-publish","hentry"],"_links":{"self":[{"href":"http:\/\/automobileslyon.com.ar\/landingpage\/wp-json\/wp\/v2\/pages\/43","targetHints":{"allow":["GET"]}}],"collection":[{"href":"http:\/\/automobileslyon.com.ar\/landingpage\/wp-json\/wp\/v2\/pages"}],"about":[{"href":"http:\/\/automobileslyon.com.ar\/landingpage\/wp-json\/wp\/v2\/types\/page"}],"author":[{"embeddable":true,"href":"http:\/\/automobileslyon.com.ar\/landingpage\/wp-json\/wp\/v2\/users\/1"}],"replies":[{"embeddable":true,"href":"http:\/\/automobileslyon.com.ar\/landingpage\/wp-json\/wp\/v2\/comments?post=43"}],"version-history":[{"count":16,"href":"http:\/\/automobileslyon.com.ar\/landingpage\/wp-json\/wp\/v2\/pages\/43\/revisions"}],"predecessor-version":[{"id":839,"href":"http:\/\/automobileslyon.com.ar\/landingpage\/wp-json\/wp\/v2\/pages\/43\/revisions\/839"}],"wp:attachment":[{"href":"http:\/\/automobileslyon.com.ar\/landingpage\/wp-json\/wp\/v2\/media?parent=43"}],"curies":[{"name":"wp","href":"https:\/\/api.w.org\/{rel}","templated":true}]}}